{"id":7,"date":"2026-04-06T08:30:57","date_gmt":"2026-04-06T08:30:57","guid":{"rendered":"https:\/\/greenherbal.id.vn\/?page_id=7"},"modified":"2026-04-07T15:12:18","modified_gmt":"2026-04-07T15:12:18","slug":"trang-chu","status":"publish","type":"page","link":"https:\/\/greenherbal.id.vn\/","title":{"rendered":"Trang ch\u1ee7"},"content":{"rendered":"<div class=\"slider-wrapper relative\" id=\"slider-1238051775\" >\n    <div class=\"slider slider-nav-circle slider-nav-large slider-nav-light slider-style-normal\"\n        data-flickity-options='{\n            \"cellAlign\": \"center\",\n            \"imagesLoaded\": true,\n            \"lazyLoad\": 1,\n            \"freeScroll\": false,\n            \"wrapAround\": true,\n            \"autoPlay\": 6000,\n            \"pauseAutoPlayOnHover\" : true,\n            \"prevNextButtons\": true,\n            \"contain\" : true,\n            \"adaptiveHeight\" : true,\n            \"dragThreshold\" : 10,\n            \"percentPosition\": true,\n            \"pageDots\": true,\n            \"rightToLeft\": false,\n            \"draggable\": true,\n            \"selectedAttraction\": 0.1,\n            \"parallax\" : 0,\n            \"friction\": 0.6        }'\n        >\n        \n\t<section class=\"section\" id=\"section_1061941700\">\n\t\t<div class=\"bg section-bg fill bg-fill  bg-loaded\" >\n\n\t\t\t\n\t\t\t\n\t\t\t\n\n\t\t<\/div>\n\n\t\t\n\n\t\t<div class=\"section-content relative\">\n\t\t\t\n\t<div class=\"img has-hover x md-x lg-x y md-y lg-y\" id=\"image_1827110494\">\n\t\t\t\t\t\t\t\t<div class=\"img-inner dark\" >\n\t\t\t<img loading=\"lazy\" decoding=\"async\" width=\"1020\" height=\"680\" src=\"https:\/\/greenherbal.id.vn\/wp-content\/uploads\/2026\/04\/Gemini_Generated_Image_bv2xpobv2xpobv2x-1-1-1024x683.png\" class=\"attachment-large size-large\" alt=\"\" srcset=\"https:\/\/greenherbal.id.vn\/wp-content\/uploads\/2026\/04\/Gemini_Generated_Image_bv2xpobv2xpobv2x-1-1-1024x683.png 1024w, https:\/\/greenherbal.id.vn\/wp-content\/uploads\/2026\/04\/Gemini_Generated_Image_bv2xpobv2xpobv2x-1-1-300x200.png 300w, https:\/\/greenherbal.id.vn\/wp-content\/uploads\/2026\/04\/Gemini_Generated_Image_bv2xpobv2xpobv2x-1-1-768x512.png 768w, https:\/\/greenherbal.id.vn\/wp-content\/uploads\/2026\/04\/Gemini_Generated_Image_bv2xpobv2xpobv2x-1-1.png 1264w\" sizes=\"auto, (max-width: 1020px) 100vw, 1020px\" \/>\t\t\t\t\t\t\n\t\t\t\t\t<\/div>\n\t\t\t\t\t\t\t\t\n<style>\n#image_1827110494 {\n  width: 100%;\n}\n<\/style>\n\t<\/div>\n\t\n\t\t<\/div>\n\n\t\t\n<style>\n#section_1061941700 {\n  padding-top: 30px;\n  padding-bottom: 30px;\n}\n<\/style>\n\t<\/section>\n\t\n\t<div class=\"img has-hover x md-x lg-x y md-y lg-y\" id=\"image_736919256\">\n\t\t\t\t\t\t\t\t<div class=\"img-inner dark\" >\n\t\t\t<img loading=\"lazy\" decoding=\"async\" width=\"1020\" height=\"680\" src=\"https:\/\/greenherbal.id.vn\/wp-content\/uploads\/2026\/04\/Gemini_Generated_Image_bv2xpobv2xpobv2x-2-1024x683.png\" class=\"attachment-large size-large\" alt=\"\" srcset=\"https:\/\/greenherbal.id.vn\/wp-content\/uploads\/2026\/04\/Gemini_Generated_Image_bv2xpobv2xpobv2x-2-1024x683.png 1024w, https:\/\/greenherbal.id.vn\/wp-content\/uploads\/2026\/04\/Gemini_Generated_Image_bv2xpobv2xpobv2x-2-300x200.png 300w, https:\/\/greenherbal.id.vn\/wp-content\/uploads\/2026\/04\/Gemini_Generated_Image_bv2xpobv2xpobv2x-2-768x512.png 768w, https:\/\/greenherbal.id.vn\/wp-content\/uploads\/2026\/04\/Gemini_Generated_Image_bv2xpobv2xpobv2x-2.png 1264w\" sizes=\"auto, (max-width: 1020px) 100vw, 1020px\" \/>\t\t\t\t\t\t\n\t\t\t\t\t<\/div>\n\t\t\t\t\t\t\t\t\n<style>\n#image_736919256 {\n  width: 100%;\n}\n<\/style>\n\t<\/div>\n\t\n\t<section class=\"section\" id=\"section_251142495\">\n\t\t<div class=\"bg section-bg fill bg-fill  bg-loaded\" >\n\n\t\t\t\n\t\t\t\n\t\t\t\n\n\t\t<\/div>\n\n\t\t\n\n\t\t<div class=\"section-content relative\">\n\t\t\t\n\t<div class=\"img has-hover x md-x lg-x y md-y lg-y\" id=\"image_2026716144\">\n\t\t\t\t\t\t\t\t<div class=\"img-inner dark\" >\n\t\t\t<img loading=\"lazy\" decoding=\"async\" width=\"1020\" height=\"680\" src=\"https:\/\/greenherbal.id.vn\/wp-content\/uploads\/2026\/04\/Gemini_Generated_Image_ll6lf6ll6lf6ll6l-1-1-1024x683.png\" class=\"attachment-large size-large\" alt=\"\" srcset=\"https:\/\/greenherbal.id.vn\/wp-content\/uploads\/2026\/04\/Gemini_Generated_Image_ll6lf6ll6lf6ll6l-1-1-1024x683.png 1024w, https:\/\/greenherbal.id.vn\/wp-content\/uploads\/2026\/04\/Gemini_Generated_Image_ll6lf6ll6lf6ll6l-1-1-300x200.png 300w, https:\/\/greenherbal.id.vn\/wp-content\/uploads\/2026\/04\/Gemini_Generated_Image_ll6lf6ll6lf6ll6l-1-1-768x512.png 768w, https:\/\/greenherbal.id.vn\/wp-content\/uploads\/2026\/04\/Gemini_Generated_Image_ll6lf6ll6lf6ll6l-1-1.png 1264w\" sizes=\"auto, (max-width: 1020px) 100vw, 1020px\" \/>\t\t\t\t\t\t\n\t\t\t\t\t<\/div>\n\t\t\t\t\t\t\t\t\n<style>\n#image_2026716144 {\n  width: 100%;\n}\n<\/style>\n\t<\/div>\n\t\n\t\t<\/div>\n\n\t\t\n<style>\n#section_251142495 {\n  padding-top: 30px;\n  padding-bottom: 30px;\n}\n<\/style>\n\t<\/section>\n\t\n\t<section class=\"section\" id=\"section_1154027648\">\n\t\t<div class=\"bg section-bg fill bg-fill  bg-loaded\" >\n\n\t\t\t\n\t\t\t\n\t\t\t\n\n\t\t<\/div>\n\n\t\t\n\n\t\t<div class=\"section-content relative\">\n\t\t\t\n\t<div class=\"img has-hover x md-x lg-x y md-y lg-y\" id=\"image_1989744304\">\n\t\t\t\t\t\t\t\t<div class=\"img-inner dark\" >\n\t\t\t<img loading=\"lazy\" decoding=\"async\" width=\"1020\" height=\"680\" src=\"https:\/\/greenherbal.id.vn\/wp-content\/uploads\/2026\/04\/Gemini_Generated_Image_ll6lf6ll6lf6ll6l-2-1024x683.png\" class=\"attachment-large size-large\" alt=\"\" srcset=\"https:\/\/greenherbal.id.vn\/wp-content\/uploads\/2026\/04\/Gemini_Generated_Image_ll6lf6ll6lf6ll6l-2-1024x683.png 1024w, https:\/\/greenherbal.id.vn\/wp-content\/uploads\/2026\/04\/Gemini_Generated_Image_ll6lf6ll6lf6ll6l-2-300x200.png 300w, https:\/\/greenherbal.id.vn\/wp-content\/uploads\/2026\/04\/Gemini_Generated_Image_ll6lf6ll6lf6ll6l-2-768x512.png 768w, https:\/\/greenherbal.id.vn\/wp-content\/uploads\/2026\/04\/Gemini_Generated_Image_ll6lf6ll6lf6ll6l-2.png 1264w\" sizes=\"auto, (max-width: 1020px) 100vw, 1020px\" \/>\t\t\t\t\t\t\n\t\t\t\t\t<\/div>\n\t\t\t\t\t\t\t\t\n<style>\n#image_1989744304 {\n  width: 100%;\n}\n<\/style>\n\t<\/div>\n\t\n\t\t<\/div>\n\n\t\t\n<style>\n#section_1154027648 {\n  padding-top: 30px;\n  padding-bottom: 30px;\n}\n<\/style>\n\t<\/section>\n\t\n     <\/div>\n\n     <div class=\"loading-spin dark large centered\"><\/div>\n\n\t<\/div>\n\n\n\t<section class=\"section\" id=\"section_359428601\">\n\t\t<div class=\"bg section-bg fill bg-fill  bg-loaded\" >\n\n\t\t\t\n\t\t\t\n\t\t\t\n\n\t\t<\/div>\n\n\t\t\n\n\t\t<div class=\"section-content relative\">\n\t\t\t\n\n  <div class=\"banner has-hover\" id=\"banner-59084449\">\n          <div class=\"banner-inner fill\">\n        <div class=\"banner-bg fill\" >\n            <div class=\"bg fill bg-fill \"><\/div>\n                        <div class=\"overlay\"><\/div>            \n                    <\/div>\n\t\t\n        <div class=\"banner-layers container\">\n            <div class=\"fill banner-link\"><\/div>            \n   <div id=\"text-box-1445471778\" class=\"text-box banner-layer x5 md-x5 lg-x5 y50 md-y50 lg-y50 res-text\">\n                                <div class=\"text-box-content text box-shadow-3\">\n              \n              <div class=\"text-inner text-left\">\n                  \n\t<div id=\"text-517955289\" class=\"text\">\n\t\t\n<h5><strong>\u00a0 \u00a0CAM K\u1ebeT CH\u1ea4T L\u01af\u1ee2NG KHOA H\u1eccC<\/strong><\/h5>\n<h5>Ch\u00fang t\u00f4i cam k\u1ebft mang \u0111\u1ebfn nh\u1eefng gi\u1ea3i ph\u00e1p ch\u0103m s\u00f3c s\u1ee9c kh\u1ecfe to\u00e0n di\u1ec7n, n\u01a1i m\u1ed7i s\u1ea3n ph\u1ea9m \u0111\u1ec1u tr\u1ea3i qua quy tr\u00ecnh ki\u1ec3m so\u00e1t ch\u1ea5t l\u01b0\u1ee3ng nghi\u00eam ng\u1eb7t t\u1eeb kh\u00e2u nguy\u00ean li\u1ec7u \u0111\u1ea7u v\u00e0o cho \u0111\u1ebfn th\u00e0nh ph\u1ea9m cu\u1ed1i c\u00f9ng. B\u1eb1ng vi\u1ec7c \u1ee9ng d\u1ee5ng nh\u1eefng ti\u1ebfn b\u1ed9 m\u1edbi nh\u1ea5t trong nghi\u00ean c\u1ee9u khoa h\u1ecdc, <b data-path-to-node=\"5\" data-index-in-node=\"272\">GreenHerbal<\/b> kh\u00f4ng ch\u1ec9 cung c\u1ea5p ngu\u1ed3n dinh d\u01b0\u1ee1ng t\u1ed1i \u01b0u m\u00e0 c\u00f2n \u0111\u1ed3ng h\u00e0nh c\u00f9ng b\u1ea1n thi\u1ebft l\u1eadp m\u1ed9t l\u1ed1i s\u1ed1ng l\u00e0nh m\u1ea1nh, n\u0103ng \u0111\u1ed9ng.<\/h5>\n\t\t\n<style>\n#text-517955289 {\n  color: rgb(126, 255, 0);\n}\n#text-517955289 > * {\n  color: rgb(126, 255, 0);\n}\n<\/style>\n\t<\/div>\n\t\n<a class=\"button success\"  >\n    <span>T\u00ccM HI\u1ec2U TH\u00caM<\/span>\n  <i class=\"icon-angle-right\" aria-hidden=\"true\" ><\/i><\/a>\n\n              <\/div>\n           <\/div>\n                            \n<style>\n#text-box-1445471778 .text-inner {\n  padding: 30px 30px 30px 30px;\n}\n#text-box-1445471778 {\n  width: 60%;\n}\n#text-box-1445471778 .text-box-content {\n  font-size: 100%;\n}\n@media (min-width:550px) {\n  #text-box-1445471778 {\n    width: 40%;\n  }\n}\n<\/style>\n    <\/div>\n \n        <\/div>\n      <\/div>\n\n            \n<style>\n#banner-59084449 {\n  padding-top: 500px;\n  background-color: rgb(255, 255, 255);\n}\n#banner-59084449 .bg.bg-loaded {\n  background-image: url(https:\/\/greenherbal.id.vn\/wp-content\/uploads\/2026\/04\/Gemini_Generated_Image_ll6lf6ll6lf6ll6l-1024x683.png);\n}\n#banner-59084449 .overlay {\n  background-color: rgba(190, 190, 190, 0.2);\n}\n<\/style>\n  <\/div>\n\n\n\t\t<\/div>\n\n\t\t\n<style>\n#section_359428601 {\n  padding-top: 30px;\n  padding-bottom: 30px;\n}\n<\/style>\n\t<\/section>\n\t\n\t<section class=\"section\" id=\"section_43108979\">\n\t\t<div class=\"bg section-bg fill bg-fill  bg-loaded\" >\n\n\t\t\t\n\t\t\t\n\t\t\t\n\n\t\t<\/div>\n\n\t\t\n\n\t\t<div class=\"section-content relative\">\n\t\t\t\n\n  <div class=\"banner has-hover\" id=\"banner-701152573\">\n          <div class=\"banner-inner fill\">\n        <div class=\"banner-bg fill\" >\n            <div class=\"bg fill bg-fill \"><\/div>\n                        <div class=\"overlay\"><\/div>            \n                    <\/div>\n\t\t\n        <div class=\"banner-layers container\">\n            <div class=\"fill banner-link\"><\/div>            \n   <div id=\"text-box-1476077330\" class=\"text-box banner-layer x95 md-x95 lg-x95 y50 md-y50 lg-y50 res-text\">\n                                <div class=\"text-box-content text box-shadow-3\">\n              \n              <div class=\"text-inner text-center\">\n                  \n\t<div id=\"text-2136063480\" class=\"text\">\n\t\t\n<h3 class=\"uppercase\"><strong>B\u00e0i vi\u1ebft h\u1eefu \u00edch v\u00e0 c\u00f4ng th\u1ee9c ngon mi\u1ec7ng<\/strong><\/h3>\n<p>Ch\u00fang t\u00f4i lu\u00f4n c\u1eadp nh\u1eadt v\u00e0 ph\u00e1t tri\u1ec3n nh\u1eefng b\u00e0i vi\u1ebft m\u1edbi \u0111\u1ec3 ti\u1ebfp c\u1eadn kh\u00e1ch h\u00e0ng nh\u1eefng th\u00f4ng tin v\u1ec1 s\u1ee9c kho\u1ebb c\u0169ng nh\u01b0 nh\u1eefng b\u1eefa \u0103n ph\u00f9 h\u1ee3p v\u1edbi s\u1ee9c kho\u1ebb m\u1ed7i ng\u00e0y. Ngo\u00e0i ra ch\u00fang t\u00f4i lu\u00f4n s\u1eb5n s\u00e0ng t\u01b0 v\u1ea5n v\u00e0 cung c\u1ea5p t\u00e0i nguy\u00ean dinh d\u01b0\u1ee1ng \u0111\u1ea7y \u0111\u1ee7 ph\u00f9 h\u1ee3p v\u1edbi y\u00eau c\u1ea7u c\u1ee7a kh\u00e1ch h\u00e0ng.<\/p>\n\t\t\n<style>\n#text-2136063480 {\n  color: rgb(12, 255, 0);\n}\n#text-2136063480 > * {\n  color: rgb(12, 255, 0);\n}\n<\/style>\n\t<\/div>\n\t\n<a class=\"button success\"  >\n  <i class=\"icon-angle-left\" aria-hidden=\"true\" ><\/i>  <span>t\u00ecm hi\u1ec3u th\u00eam<\/span>\n  <\/a>\n\n              <\/div>\n           <\/div>\n                            \n<style>\n#text-box-1476077330 .text-inner {\n  padding: 30px 30px 30px 30px;\n}\n#text-box-1476077330 {\n  width: 60%;\n}\n#text-box-1476077330 .text-box-content {\n  font-size: 100%;\n}\n@media (min-width:550px) {\n  #text-box-1476077330 {\n    width: 40%;\n  }\n}\n<\/style>\n    <\/div>\n \n        <\/div>\n      <\/div>\n\n            \n<style>\n#banner-701152573 {\n  padding-top: 500px;\n}\n#banner-701152573 .bg.bg-loaded {\n  background-image: url(https:\/\/greenherbal.id.vn\/wp-content\/uploads\/2026\/04\/li-salad-bowl-balanced-diet-1455851287-1024x437.webp);\n}\n#banner-701152573 .overlay {\n  background-color: rgba(0, 0, 0, 0.2);\n}\n<\/style>\n  <\/div>\n\n\n\t\t<\/div>\n\n\t\t\n<style>\n#section_43108979 {\n  padding-top: 30px;\n  padding-bottom: 30px;\n}\n<\/style>\n\t<\/section>\n\t\n\t<section class=\"section\" id=\"section_644987030\">\n\t\t<div class=\"bg section-bg fill bg-fill  bg-loaded\" >\n\n\t\t\t\n\t\t\t\n\t\t\t\n\n\t\t<\/div>\n\n\t\t\n\n\t\t<div class=\"section-content relative\">\n\t\t\t\n\n  <div class=\"banner has-hover\" id=\"banner-1201581578\">\n          <div class=\"banner-inner fill\">\n        <div class=\"banner-bg fill\" >\n            <div class=\"bg fill bg-fill \"><\/div>\n                        <div class=\"overlay\"><\/div>            \n                    <\/div>\n\t\t\n        <div class=\"banner-layers container\">\n            <div class=\"fill banner-link\"><\/div>            \n   <div id=\"text-box-1387862744\" class=\"text-box banner-layer x5 md-x5 lg-x5 y50 md-y50 lg-y50 res-text\">\n                                <div class=\"text-box-content text box-shadow-3\">\n              \n              <div class=\"text-inner text-center\">\n                  \n\t<div id=\"text-1723420585\" class=\"text\">\n\t\t\n<h2 class=\"uppercase\" style=\"text-align: left;\"><strong>s\u1ee9c kho\u1ebb gia \u0111\u00ecnh<\/strong><\/h2>\n<p style=\"text-align: left;\">H\u00e3y mang s\u1ea3n ph\u1ea9m c\u1ee7a ch\u00fang t\u00f4i nh\u01b0 l\u00e0 m\u1ed9t ph\u1ea7n quan tr\u1ecdng trong s\u1ee9c kho\u1ebb c\u1ee7a gia \u0111\u00ecnh b\u1ea1n.<\/p>\n\t\t\n<style>\n#text-1723420585 {\n  color: rgb(126, 249, 6);\n}\n#text-1723420585 > * {\n  color: rgb(126, 249, 6);\n}\n<\/style>\n\t<\/div>\n\t\n<a class=\"button success\"  >\n    <span>t\u00ecm hi\u1ec3u th\u00eam<\/span>\n  <i class=\"icon-angle-right\" aria-hidden=\"true\" ><\/i><\/a>\n\n              <\/div>\n           <\/div>\n                            \n<style>\n#text-box-1387862744 .text-inner {\n  padding: 30px 30px 30px 30px;\n}\n#text-box-1387862744 {\n  width: 60%;\n}\n#text-box-1387862744 .text-box-content {\n  font-size: 100%;\n}\n@media (min-width:550px) {\n  #text-box-1387862744 {\n    width: 40%;\n  }\n}\n<\/style>\n    <\/div>\n \n        <\/div>\n      <\/div>\n\n            \n<style>\n#banner-1201581578 {\n  padding-top: 500px;\n}\n#banner-1201581578 .bg.bg-loaded {\n  background-image: url(https:\/\/greenherbal.id.vn\/wp-content\/uploads\/2026\/04\/Gemini_Generated_Image_vciog0vciog0vcio-1024x683.png);\n}\n#banner-1201581578 .overlay {\n  background-color: rgba(0, 0, 0, 0.2);\n}\n<\/style>\n  <\/div>\n\n\n\t\t<\/div>\n\n\t\t\n<style>\n#section_644987030 {\n  padding-top: 30px;\n  padding-bottom: 30px;\n}\n<\/style>\n\t<\/section>\n\t\n<div class=\"row\"  id=\"row-1533481740\">\n\n\t<div id=\"col-2075865770\" class=\"col medium-4 small-12 large-4\"  >\n\t\t\t\t<div class=\"col-inner\"  >\n\t\t\t\n\t\t\t\n\n  <div class=\"banner has-hover\" id=\"banner-1208562621\">\n          <div class=\"banner-inner fill\">\n        <div class=\"banner-bg fill\" >\n            <div class=\"bg fill bg-fill \"><\/div>\n                        <div class=\"overlay\"><\/div>            \n                    <\/div>\n\t\t\n        <div class=\"banner-layers container\">\n            <div class=\"fill banner-link\"><\/div>            \n   <div id=\"text-box-1570408047\" class=\"text-box banner-layer x50 md-x50 lg-x50 y80 md-y80 lg-y80 res-text\">\n                                <div class=\"text-box-content text dark\">\n              \n              <div class=\"text-inner text-center\">\n                  \n\t<div id=\"text-3748420199\" class=\"text\">\n\t\t\n<p>L\u00c0M SAO \u0110\u1ec2 TR\u1ede N\u00caN <strong>TH\u1ea6N TH\u00c1I<\/strong> H\u01a0N<\/p>\n\t\t\n<style>\n#text-3748420199 {\n  font-size: 1rem;\n}\n<\/style>\n\t<\/div>\n\t\n<a href=\"http:\/\/greenherbal.id.vn\/?page_id=28\" class=\"button white is-outline\"  style=\"border-radius:99px;\">\n    <span>T\u00ccM HI\u1ec2U TH\u00caM<\/span>\n  <\/a>\n\n              <\/div>\n           <\/div>\n                            \n<style>\n#text-box-1570408047 {\n  width: 60%;\n}\n#text-box-1570408047 .text-box-content {\n  font-size: 100%;\n}\n<\/style>\n    <\/div>\n \n        <\/div>\n      <\/div>\n\n            \n<style>\n#banner-1208562621 {\n  padding-top: 500px;\n}\n#banner-1208562621 .bg.bg-loaded {\n  background-image: url(https:\/\/greenherbal.id.vn\/wp-content\/uploads\/2026\/04\/Gemini_Generated_Image_vy4ixyvy4ixyvy4i-1-1024x683.png);\n}\n#banner-1208562621 .overlay {\n  background-color: rgba(0, 0, 0, 0.17);\n}\n<\/style>\n  <\/div>\n\n\n\t\t<\/div>\n\t\t\t\t\t<\/div>\n\n\t\n\n\t<div id=\"col-415994357\" class=\"col medium-4 small-12 large-4\"  >\n\t\t\t\t<div class=\"col-inner\"  >\n\t\t\t\n\t\t\t\n\n  <div class=\"banner has-hover\" id=\"banner-1774448935\">\n          <div class=\"banner-inner fill\">\n        <div class=\"banner-bg fill\" >\n            <div class=\"bg fill bg-fill \"><\/div>\n                                    \n                    <\/div>\n\t\t\n        <div class=\"banner-layers container\">\n            <div class=\"fill banner-link\"><\/div>            \n   <div id=\"text-box-151691182\" class=\"text-box banner-layer x50 md-x50 lg-x50 y80 md-y80 lg-y80 res-text\">\n                                <div class=\"text-box-content text dark\">\n              \n              <div class=\"text-inner text-center\">\n                  \n\t<div id=\"text-4134784947\" class=\"text\">\n\t\t\n<p>\u0110\u1eacU N\u00c0NH C\u00d3 H\u1ea0I CHO S\u1ee8C KHO\u1eba KH\u00d4NG?<\/p>\n<p>\u00a0<\/p>\n\t\t\n<style>\n#text-4134784947 {\n  font-size: 0.85rem;\n}\n<\/style>\n\t<\/div>\n\t\n              <\/div>\n           <\/div>\n                            \n<style>\n#text-box-151691182 {\n  width: 60%;\n}\n#text-box-151691182 .text-box-content {\n  font-size: 100%;\n}\n<\/style>\n    <\/div>\n \n        <\/div>\n      <\/div>\n\n            \n<style>\n#banner-1774448935 {\n  padding-top: 500px;\n}\n#banner-1774448935 .bg.bg-loaded {\n  background-image: url(https:\/\/greenherbal.id.vn\/wp-content\/uploads\/2026\/04\/Gemini_Generated_Image_1buixy1buixy1bui-1024x559.png);\n}\n<\/style>\n  <\/div>\n\n\n\t\t<\/div>\n\t\t\t\t\t<\/div>\n\n\t\n\n\t<div id=\"col-1359380112\" class=\"col medium-4 small-12 large-4\"  >\n\t\t\t\t<div class=\"col-inner\"  >\n\t\t\t\n\t\t\t\n\t\t<\/div>\n\t\t\t\t\t<\/div>\n\n\t\n<\/div>\n","protected":false},"excerpt":{"rendered":"","protected":false},"author":1,"featured_media":0,"parent":0,"menu_order":0,"comment_status":"closed","ping_status":"closed","template":"","meta":{"footnotes":""},"class_list":["post-7","page","type-page","status-publish","hentry"],"_links":{"self":[{"href":"https:\/\/greenherbal.id.vn\/index.php?rest_route=\/wp\/v2\/pages\/7","targetHints":{"allow":["GET"]}}],"collection":[{"href":"https:\/\/greenherbal.id.vn\/index.php?rest_route=\/wp\/v2\/pages"}],"about":[{"href":"https:\/\/greenherbal.id.vn\/index.php?rest_route=\/wp\/v2\/types\/page"}],"author":[{"embeddable":true,"href":"https:\/\/greenherbal.id.vn\/index.php?rest_route=\/wp\/v2\/users\/1"}],"replies":[{"embeddable":true,"href":"https:\/\/greenherbal.id.vn\/index.php?rest_route=%2Fwp%2Fv2%2Fcomments&post=7"}],"version-history":[{"count":15,"href":"https:\/\/greenherbal.id.vn\/index.php?rest_route=\/wp\/v2\/pages\/7\/revisions"}],"predecessor-version":[{"id":148,"href":"https:\/\/greenherbal.id.vn\/index.php?rest_route=\/wp\/v2\/pages\/7\/revisions\/148"}],"wp:attachment":[{"href":"https:\/\/greenherbal.id.vn\/index.php?rest_route=%2Fwp%2Fv2%2Fmedia&parent=7"}],"curies":[{"name":"wp","href":"https:\/\/api.w.org\/{rel}","templated":true}]}}